{"id":190,"date":"2017-08-22T19:38:06","date_gmt":"2017-08-22T17:38:06","guid":{"rendered":"http:\/\/pixel-mafia.com\/demo\/wordpress-themes\/photberry\/?page_id=190"},"modified":"2026-04-01T12:20:18","modified_gmt":"2026-04-01T10:20:18","slug":"profil-firmy-kontakt","status":"publish","type":"page","link":"https:\/\/www.hangar.cz\/web\/profil-firmy-kontakt\/","title":{"rendered":"Kontakt"},"content":{"rendered":"<p>\t\t<img width=\"682\" height=\"1024\" src=\"https:\/\/www.hangar.cz\/web\/wp-content\/uploads\/Koptova-kontakt1-682x1024.jpg\" alt=\"\" decoding=\"async\" loading=\"lazy\" srcset=\"https:\/\/www.hangar.cz\/web\/wp-content\/uploads\/Koptova-kontakt1-682x1024.jpg 682w, https:\/\/www.hangar.cz\/web\/wp-content\/uploads\/Koptova-kontakt1-200x300.jpg 200w, https:\/\/www.hangar.cz\/web\/wp-content\/uploads\/Koptova-kontakt1.jpg 713w\" sizes=\"(max-width: 682px) 100vw, 682px\" \/><br \/>\n\t\t<img width=\"387\" height=\"70\" src=\"https:\/\/www.hangar.cz\/web\/wp-content\/uploads\/nazev-firmy-2.png\" alt=\"\" decoding=\"async\" loading=\"lazy\" srcset=\"https:\/\/www.hangar.cz\/web\/wp-content\/uploads\/nazev-firmy-2.png 387w, https:\/\/www.hangar.cz\/web\/wp-content\/uploads\/nazev-firmy-2-300x54.png 300w\" sizes=\"(max-width: 387px) 100vw, 387px\" \/>\t\t<\/p>\n<p style=\"text-align: justify;\">Architektonick\u00fd atelier STUDIO HANG\u00c1R jsme zalo\u017eili v roce 1995. Nab\u00edz\u00edme komplexn\u00ed slu\u017eby v oblasti navrhov\u00e1n\u00ed staveb a interi\u00e9r\u016f, tj. zpracov\u00e1n\u00ed ve\u0161ker\u00fdch projek\u010dn\u00edch f\u00e1z\u00ed od prvotn\u00edch viz\u00ed, ideov\u00fdch n\u00e1vrh\u016f, koncep\u010dn\u00edch studi\u00ed a&amp;nbsp;\u00a0vizualizac\u00ed a\u017e po detailn\u00ed technick\u00e9 dokumentace pro proveden\u00ed staveb \u010di interi\u00e9r\u016f, v\u010detn\u011b autorsk\u00e9ho dozoru p\u0159i jejich realizaci. Zpracov\u00e1n\u00edm cel\u00e9ho rozsahu projek\u010dn\u00edch prac\u00ed \u201epod jednou st\u0159echou\u201c garantujeme kontinuitu v\u0161ech projek\u010dn\u00edch f\u00e1z\u00ed a udr\u017een\u00ed p\u016fvodn\u00edch viz\u00ed a\u017e do fin\u00e1ln\u00ed realizace. P\u0159i sv\u00e9 \u010dinnosti v\u017edy usilujeme o celostn\u00ed p\u0159\u00edstup k tvorb\u011b s ambic\u00ed ide\u00e1ln\u011b vyladit v\u0161echny aspekty a po\u017eadavky, kladen\u00e9 na stavebn\u00ed \u010di interi\u00e9rov\u00e9 d\u00edlo. D\u00edky tomu dosahuj\u00ed na\u0161e stavby \u2013 p\u0159i zachov\u00e1n\u00ed vysok\u00e9ho standardu \u2013 relativn\u011b n\u00edzk\u00fdch realiza\u010dn\u00edch n\u00e1klad\u016f. Sou\u010dasn\u011b se d\u00edky \u00farovni zpracov\u00e1n\u00ed technick\u00fdch dokumentac\u00ed minimalizuje rozsah v\u00edceprac\u00ed p\u0159i realizaci d\u00edla.<\/p>\n<p><!-- [if gte mso 9]><xml><br \/> <w:WordDocument><br \/>  <w:View>Normal<\/w:View><br \/>  <w:Zoom>0<\/w:Zoom><br \/>  <w:HyphenationZone>21<\/w:HyphenationZone><br \/>  <w:PunctuationKerning><\/w:PunctuationKerning><br \/>  <w:ValidateAgainstSchemas><\/w:ValidateAgainstSchemas><br \/>  <w:SaveIfXMLInvalid>false<\/w:SaveIfXMLInvalid><br \/>  <w:IgnoreMixedContent>false<\/w:IgnoreMixedContent><br \/>  <w:AlwaysShowPlaceholderText>false<\/w:AlwaysShowPlaceholderText><br \/>  <w:Compatibility><br \/>   <w:BreakWrappedTables><\/w:BreakWrappedTables><br \/>   <w:SnapToGridInCell><\/w:SnapToGridInCell><br \/>   <w:WrapTextWithPunct><\/w:WrapTextWithPunct><br \/>   <w:UseAsianBreakRules><\/w:UseAsianBreakRules><br \/>   <w:DontGrowAutofit><\/w:DontGrowAutofit><br \/>  <\/w:Compatibility><br \/>  <w:BrowserLevel>MicrosoftInternetExplorer4<\/w:BrowserLevel><br \/> <\/w:WordDocument><br \/><\/xml><![endif]--><!-- [if gte mso 9]><xml><br \/> <w:LatentStyles DefLockedState=\"false\" LatentStyleCount=\"156\"><br \/> <\/w:LatentStyles><br \/><\/xml><![endif]--><!-- [if gte mso 10]><\/p>\n\n\n\n\n<style>\n \/* Style Definitions *\/<br \/> table.MsoNormalTable<br \/>\t{mso-style-name:\"Norm\u00e1ln\u00ed tabulka\";<br \/>\tmso-tstyle-rowband-size:0;<br \/>\tmso-tstyle-colband-size:0;<br \/>\tmso-style-noshow:yes;<br \/>\tmso-style-parent:\"\";<br \/>\tmso-padding-alt:0cm 5.4pt 0cm 5.4pt;<br \/>\tmso-para-margin:0cm;<br \/>\tmso-para-margin-bottom:.0001pt;<br \/>\tmso-pagination:widow-orphan;<br \/>\tfont-size:10.0pt;<br \/>\tfont-family:\"Times New Roman\";<br \/>\tmso-ansi-language:#0400;<br \/>\tmso-fareast-language:#0400;<br \/>\tmso-bidi-language:#0400;}<br \/><\/style>\n\n\n\n\n<p><![endif]--><\/p>\n<p style=\"text-align: justify;\">Ing. arch. Anton\u00edn Ju\u0161t\u00edk, Ing. Vladim\u00edr T\u016fma<\/p>\n<h5>kontaktn\u00ed informace<\/h5>\n<p><strong>Ateli\u00e9r:<\/strong><br \/>Koptova 1154\/8, 360 01 Karlovy Vary<\/p>\n<p>GPS: 50.2333881N, 12.8721456E<\/p>\n<p>web: <a href=\"http:\/\/www.hangar.cz\">www.hangar.cz <\/a><\/p>\n<p><strong>Ing. arch. Anton\u00edn Ju\u0161t\u00edk<\/strong>, autorizovan\u00fd architekt \u010cKA<br \/>Telefon: +420 608 116 630<br \/>E- mail: <a href=\"mailto:justik@hangar.cz\">justik@hangar.cz<\/a><\/p>\n<p><strong>Ing. Vladim\u00edr T\u016fma<br \/><\/strong>Telefon: +420 777 119 620<br \/>E-mail: <a href=\"mailto:tuma@hangar.cz\">tuma@hangar.cz<\/a><\/p>\n<p>\t\t\t<iframe frameborder=\"0\" scrolling=\"no\" marginheight=\"0\" marginwidth=\"0\" src=\"https:\/\/maps.google.com\/maps?q=Studio+Hang%C3%A1r+-+Architektonick%C3%A9+Sdru%C5%BEen%C3%AD&amp;t=m&amp;z=15&amp;output=embed&amp;iwloc=near\"><\/iframe>\t\t<\/p>\n","protected":false},"excerpt":{"rendered":"<p>Architektonick\u00fd atelier STUDIO HANG\u00c1R jsme zalo\u017eili v roce 1995. Nab\u00edz\u00edme komplexn\u00ed slu\u017eby v oblasti navrhov\u00e1n\u00ed staveb a interi\u00e9r\u016f, tj. zpracov\u00e1n\u00ed ve\u0161ker\u00fdch projek\u010dn\u00edch f\u00e1z\u00ed od prvotn\u00edch viz\u00ed, ideov\u00fdch n\u00e1vrh\u016f, koncep\u010dn\u00edch studi\u00ed a&amp;nbsp;\u00a0vizualizac\u00ed a\u017e po detailn\u00ed technick\u00e9 dokumentace pro proveden\u00ed staveb \u010di interi\u00e9r\u016f, v\u010detn\u011b autorsk\u00e9ho dozoru p\u0159i jejich realizaci. Zpracov\u00e1n\u00edm cel\u00e9ho rozsahu projek\u010dn\u00edch prac\u00ed \u201epod jednou st\u0159echou\u201c [&hellip;]<\/p>\n","protected":false},"author":1,"featured_media":0,"parent":0,"menu_order":0,"comment_status":"closed","ping_status":"closed","template":"","meta":[],"_links":{"self":[{"href":"https:\/\/www.hangar.cz\/web\/wp-json\/wp\/v2\/pages\/190"}],"collection":[{"href":"https:\/\/www.hangar.cz\/web\/wp-json\/wp\/v2\/pages"}],"about":[{"href":"https:\/\/www.hangar.cz\/web\/wp-json\/wp\/v2\/types\/page"}],"author":[{"embeddable":true,"href":"https:\/\/www.hangar.cz\/web\/wp-json\/wp\/v2\/users\/1"}],"replies":[{"embeddable":true,"href":"https:\/\/www.hangar.cz\/web\/wp-json\/wp\/v2\/comments?post=190"}],"version-history":[{"count":31,"href":"https:\/\/www.hangar.cz\/web\/wp-json\/wp\/v2\/pages\/190\/revisions"}],"predecessor-version":[{"id":2984,"href":"https:\/\/www.hangar.cz\/web\/wp-json\/wp\/v2\/pages\/190\/revisions\/2984"}],"wp:attachment":[{"href":"https:\/\/www.hangar.cz\/web\/wp-json\/wp\/v2\/media?parent=190"}],"curies":[{"name":"wp","href":"https:\/\/api.w.org\/{rel}","templated":true}]}}